{"id":431,"date":"2023-10-30T12:51:57","date_gmt":"2023-10-30T12:51:57","guid":{"rendered":"https:\/\/ltzcymhf.dev1.chop-chop.org\/?page_id=431"},"modified":"2024-06-25T09:27:03","modified_gmt":"2024-06-25T09:27:03","slug":"quotes-separator-code","status":"publish","type":"page","link":"https:\/\/ltzcymhf.dev1.chop-chop.org\/en\/stylesheet-core\/quotes-separator-code\/","title":{"rendered":"Quotes, Separator, Code"},"content":{"rendered":"\n<h2 class=\"wp-block-heading has-text-align-left\" data-id=\"2a4e3c75-e8eb-4957-b64b-39eddb883e4b\">Quotes<\/h2>\n\n\n<style>:root{--spacing-0: 0;--spacing-1: 0.125rem;--spacing-2: 0.25rem;--spacing-3: 0.5rem;--spacing-4: 0.75rem;--spacing-5: 1rem;--spacing-6: 1.5rem;--spacing-7: 1.75rem;--spacing-8: 2rem;--spacing-9: 2.5rem;--spacing-10: 3rem;--spacing-11: 3.5rem;--spacing-12: 4rem;--spacing-13: 4.5rem;--spacing-14: 5rem;--spacing-15: 5.5rem;--spacing-16: 6rem;--spacing-17: 6.5rem;--spacing-18: 7rem;--spacing-19: 7.5rem;--spacing-20: 8rem;--spacing-21: 8.5rem;--spacing-22: 9rem;--spacing-23: 9.5rem;--spacing-24: 10rem;--spacing-25: 10.5rem;--radius-0: 0;--radius-1: 0.125rem;--radius-2: 0.25rem;--radius-3: 0.5rem;--radius-4: 0.75rem;--radius-5: 1rem;--radius-6: 1.5rem;--radius-7: 1.75rem;--radius-8: 2rem;--radius-9: 2.5rem;--radius-10: 3rem;--radius-11: 3.5rem;--radius-12: 4rem;--radius-13: 4.5rem;--radius-14: 5rem;--radius-15: 5.5rem;--radius-16: 6rem;--radius-17: 6.5rem;--radius-18: 7rem;--radius-19: 7.5rem;--radius-20: 8rem;--radius-21: 8.5rem;--radius-22: 9rem;--radius-23: 9.5rem;--radius-24: 10rem;--radius-25: 10.5rem}:root{--display-01: 64;--display-02: 56;--display-03: 48;--display-04: 40;--display-05---h1---desktop: 32;--display-06---h1---mobile: 24;--display-07---h2: 20;--display-08---h3: 18;--display-09---h4: 16;--display-10---h5: 14;--display-01_underline: 64;--display-02_underline: 56;--display-03_underline: 48;--display-04_underline: 40;--display-05---h1---desktop_underline: 32;--display-06---h1---mobile_underline: 24;--display-07---h2_underline: 20;--display-08---h3_underline: 18;--display-09---h4_underline: 16;--display-10---h5_underline: 14;--text-xl-light: 24;--text-xl-semibold: 24;--text-xl-bold: 24;--text-xl-light_underline: 24;--text-xl-semibold_underline: 24;--text-xl-bold_underline: 24;--text-lg---lead-light: 20;--text-lg---lead-semibold: 20;--text-lg---lead-bold: 20;--text-lg---lead-light_underline: 20;--text-lg---lead-semibold_underline: 20;--text-lg---lead-bold_underline: 20;--text-md-light: 18;--text-md-semibold: 18;--text-md-bold: 18;--text-md-light_underline: 18;--text-md-semibold_underline: 18;--text-md-bold_underline: 18;--text-sm-light: 16;--text-sm-semibold: 16;--text-sm-bold: 16;--text-sm-light_underline: 16;--text-sm-semibold_underline: 16;--text-sm-bold_underline: 16;--text-xs-light: 14;--text-xs-semibold: 14;--text-xs-bold: 14;--text-xs-light_underline: 14;--text-xs-semibold_underline: 14;--text-xs-bold_underline: 14;--text-xxs-light: 12;--text-xxs-semibold: 12;--text-xxs-bold: 12;--text-xxs-light_underline: 12;--text-xxs-semibold_underline: 12;--text-xxs-bold_underline: 12;--button-xl: 20;--button-lg: 18;--button-md: 16;--button-sm: 14;--button-xs: 12;--button-xl_underline: 20;--button-lg_underline: 18;--button-md_underline: 16;--button-sm_underline: 14;--button-xs_underline: 12;--caption-xl: 18;--caption-lg: 16;--caption-md: 14;--caption-sm: 12;--caption-xs: 10;--caption-xl_underline: 18;--caption-lg_underline: 16;--caption-md_underline: 14;--caption-sm_underline: 12;--caption-xs_underline: 10;--tag-xl: 18;--tag-lg: 16;--tag-md: 14;--tag-sm: 12;--quote-xl: 18;--quote-lg: 16;--quote-md: 14;--quote-sm: 12}:root{--color-primary-1-100: #154734;--color-primary-1-80: #79863c;--color-primary-1-60: #509e2f;--color-primary-1-40: #c4d600;--color-primary-1-20: #d8ed96;--color-secondary-3-100: #4b3d2a;--color-secondary-3-80: #996017;--color-secondary-3-60: #ffb81c;--color-secondary-3-40: #fce300;--color-secondary-3-20: #f6eb61;--color-greyscale-white: #fff;--color-greyscale-black: #000;--color-greyscale-offblack: #333;--color-greyscale-100: #53565a;--color-greyscale-90: #6b6b6b;--color-greyscale-80: #888b8d;--color-greyscale-70: #9d9d9d;--color-greyscale-60: #adadad;--color-greyscale-50: #bbbcbc;--color-greyscale-40: #cecece;--color-greyscale-30: #d9d9d6;--color-greyscale-20: #efefef;--color-greyscale-10: #f7f7f7;--color-interactions-ok: #207e66;--color-interactions-ok-light: #d2e5e0;--color-interactions-warning: #ffcf00;--color-interactions-warning-light: #fff5cc;--color-interactions-danger: #e70000;--color-interactions-danger-light: #facccc;--color-interactions-info: #777474;--color-interactions-info-light: #e4e3e3;--color-focus-focus: #2656ff;--color-background-background: #f5f0eb;--color-opacity-black-90: #000000e6;--color-opacity-black-80: #000c;--color-opacity-black-70: #000000b3;--color-opacity-black-60: #0009;--color-opacity-black-50: #00000080;--color-opacity-black-40: #0006;--color-opacity-black-30: #0000004d;--color-opacity-black-20: #0003;--color-opacity-black-10: #0000001a;--color-opacity-white-90: #2e2727e6;--color-opacity-white-80: #fffc;--color-opacity-white-70: #ffffffb3;--color-opacity-white-60: #fff9;--color-opacity-white-50: #ffffff80;--color-opacity-white-40: #fff6;--color-opacity-white-30: #ffffff4d;--color-opacity-white-20: #fff3;--color-opacity-white-10: #ffffff1a}<\/style>\n<blockquote class=\"wp-block-quote is-layout-flow wp-block-quote-is-layout-flow\">\n<p><strong><em>Lorem ipsum dolor sit amet, consectetur adipiscing elit. Nulla tristique dictum dui maximus semper. Fusce vulputate leo vel leo efficitur, vel finibus lacus venenatis. Pellentesque nec semper velit. Fusce consectetur erat pharetra lectus tincidunt lobortis. Mauris bibendum elit eget elit blandit, eu dignissim magna tempus. Suspendisse vel eleifend dui.<\/em><\/strong><\/p>\n<cite>Author Firstname Lastname<\/cite><\/blockquote>\n\n\n\n<blockquote class=\"wp-block-quote is-style-plain is-layout-flow wp-block-quote-is-layout-flow\">\n<p class=\"is-style-default\"><strong><em>Lorem ipsum dolor sit amet, consectetur adipiscing elit. Nulla tristique dictum dui maximus semper. Fusce vulputate leo vel leo efficitur, vel finibus lacus venenatis. Pellentesque nec semper velit. Fusce consectetur erat pharetra lectus tincidunt lobortis. Mauris bibendum elit eget elit blandit, eu dignissim magna tempus. Suspendisse vel eleifend dui.<\/em><\/strong><\/p>\n<cite>Author Firstname Lastname<\/cite><\/blockquote>\n\n\n\n<blockquote class=\"wp-block-quote is-style-plain has-color-5-color has-grey-background-color has-background has-large-font-size is-layout-flow wp-block-quote-is-layout-flow\">\n<p class=\"is-style-default\"><strong><em>Lorem ipsum dolor sit amet, consectetur adipiscing elit. Nulla tristique dictum dui maximus semper. Fusce vulputate leo vel leo efficitur, vel finibus lacus venenatis. Pellentesque nec semper velit. Fusce consectetur erat pharetra lectus tincidunt lobortis. Mauris bibendum elit eget elit blandit, eu dignissim magna tempus. Suspendisse vel eleifend dui.<\/em><\/strong><\/p>\n<cite>Author Firstname Lastname<\/cite><\/blockquote>\n\n\n\n<blockquote class=\"wp-block-quote is-style-default has-color-5-color has-grey-background-color has-background has-normal-font-size is-layout-flow wp-block-quote-is-layout-flow\" style=\"font-style:normal;font-weight:700;text-transform:uppercase\">\n<p class=\"is-style-default\"><strong><em>Lorem ipsum dolor sit amet, consectetur adipiscing elit. Nulla tristique dictum dui maximus semper. Fusce vulputate leo vel leo efficitur, vel finibus lacus venenatis. Pellentesque nec semper velit. Fusce consectetur erat pharetra lectus tincidunt lobortis. Mauris bibendum elit eget elit blandit, eu dignissim magna tempus. Suspendisse vel eleifend dui.<\/em><\/strong><\/p>\n<cite>Author Firstname Lastname<\/cite><\/blockquote>\n\n\n\t<section class=\"block-acf block-quote\"  data-id=\"block_dca662ee01c0352914523236af7b3b07\">\n\t\t\t<div class=\"container\">\n\t\t\t<blockquote class=\"quote quote--background\">\n\t<style>:root{--spacing-0: 0;--spacing-1: 0.125rem;--spacing-2: 0.25rem;--spacing-3: 0.5rem;--spacing-4: 0.75rem;--spacing-5: 1rem;--spacing-6: 1.5rem;--spacing-7: 1.75rem;--spacing-8: 2rem;--spacing-9: 2.5rem;--spacing-10: 3rem;--spacing-11: 3.5rem;--spacing-12: 4rem;--spacing-13: 4.5rem;--spacing-14: 5rem;--spacing-15: 5.5rem;--spacing-16: 6rem;--spacing-17: 6.5rem;--spacing-18: 7rem;--spacing-19: 7.5rem;--spacing-20: 8rem;--spacing-21: 8.5rem;--spacing-22: 9rem;--spacing-23: 9.5rem;--spacing-24: 10rem;--spacing-25: 10.5rem;--radius-0: 0;--radius-1: 0.125rem;--radius-2: 0.25rem;--radius-3: 0.5rem;--radius-4: 0.75rem;--radius-5: 1rem;--radius-6: 1.5rem;--radius-7: 1.75rem;--radius-8: 2rem;--radius-9: 2.5rem;--radius-10: 3rem;--radius-11: 3.5rem;--radius-12: 4rem;--radius-13: 4.5rem;--radius-14: 5rem;--radius-15: 5.5rem;--radius-16: 6rem;--radius-17: 6.5rem;--radius-18: 7rem;--radius-19: 7.5rem;--radius-20: 8rem;--radius-21: 8.5rem;--radius-22: 9rem;--radius-23: 9.5rem;--radius-24: 10rem;--radius-25: 10.5rem}:root{--display-01: 64;--display-02: 56;--display-03: 48;--display-04: 40;--display-05---h1---desktop: 32;--display-06---h1---mobile: 24;--display-07---h2: 20;--display-08---h3: 18;--display-09---h4: 16;--display-10---h5: 14;--display-01_underline: 64;--display-02_underline: 56;--display-03_underline: 48;--display-04_underline: 40;--display-05---h1---desktop_underline: 32;--display-06---h1---mobile_underline: 24;--display-07---h2_underline: 20;--display-08---h3_underline: 18;--display-09---h4_underline: 16;--display-10---h5_underline: 14;--text-xl-light: 24;--text-xl-semibold: 24;--text-xl-bold: 24;--text-xl-light_underline: 24;--text-xl-semibold_underline: 24;--text-xl-bold_underline: 24;--text-lg---lead-light: 20;--text-lg---lead-semibold: 20;--text-lg---lead-bold: 20;--text-lg---lead-light_underline: 20;--text-lg---lead-semibold_underline: 20;--text-lg---lead-bold_underline: 20;--text-md-light: 18;--text-md-semibold: 18;--text-md-bold: 18;--text-md-light_underline: 18;--text-md-semibold_underline: 18;--text-md-bold_underline: 18;--text-sm-light: 16;--text-sm-semibold: 16;--text-sm-bold: 16;--text-sm-light_underline: 16;--text-sm-semibold_underline: 16;--text-sm-bold_underline: 16;--text-xs-light: 14;--text-xs-semibold: 14;--text-xs-bold: 14;--text-xs-light_underline: 14;--text-xs-semibold_underline: 14;--text-xs-bold_underline: 14;--text-xxs-light: 12;--text-xxs-semibold: 12;--text-xxs-bold: 12;--text-xxs-light_underline: 12;--text-xxs-semibold_underline: 12;--text-xxs-bold_underline: 12;--button-xl: 20;--button-lg: 18;--button-md: 16;--button-sm: 14;--button-xs: 12;--button-xl_underline: 20;--button-lg_underline: 18;--button-md_underline: 16;--button-sm_underline: 14;--button-xs_underline: 12;--caption-xl: 18;--caption-lg: 16;--caption-md: 14;--caption-sm: 12;--caption-xs: 10;--caption-xl_underline: 18;--caption-lg_underline: 16;--caption-md_underline: 14;--caption-sm_underline: 12;--caption-xs_underline: 10;--tag-xl: 18;--tag-lg: 16;--tag-md: 14;--tag-sm: 12;--quote-xl: 18;--quote-lg: 16;--quote-md: 14;--quote-sm: 12}:root{--color-primary-1-100: #154734;--color-primary-1-80: #79863c;--color-primary-1-60: #509e2f;--color-primary-1-40: #c4d600;--color-primary-1-20: #d8ed96;--color-secondary-3-100: #4b3d2a;--color-secondary-3-80: #996017;--color-secondary-3-60: #ffb81c;--color-secondary-3-40: #fce300;--color-secondary-3-20: #f6eb61;--color-greyscale-white: #fff;--color-greyscale-black: #000;--color-greyscale-offblack: #333;--color-greyscale-100: #53565a;--color-greyscale-90: #6b6b6b;--color-greyscale-80: #888b8d;--color-greyscale-70: #9d9d9d;--color-greyscale-60: #adadad;--color-greyscale-50: #bbbcbc;--color-greyscale-40: #cecece;--color-greyscale-30: #d9d9d6;--color-greyscale-20: #efefef;--color-greyscale-10: #f7f7f7;--color-interactions-ok: #207e66;--color-interactions-ok-light: #d2e5e0;--color-interactions-warning: #ffcf00;--color-interactions-warning-light: #fff5cc;--color-interactions-danger: #e70000;--color-interactions-danger-light: #facccc;--color-interactions-info: #777474;--color-interactions-info-light: #e4e3e3;--color-focus-focus: #2656ff;--color-background-background: #f5f0eb;--color-opacity-black-90: #000000e6;--color-opacity-black-80: #000c;--color-opacity-black-70: #000000b3;--color-opacity-black-60: #0009;--color-opacity-black-50: #00000080;--color-opacity-black-40: #0006;--color-opacity-black-30: #0000004d;--color-opacity-black-20: #0003;--color-opacity-black-10: #0000001a;--color-opacity-white-90: #2e2727e6;--color-opacity-white-80: #fffc;--color-opacity-white-70: #ffffffb3;--color-opacity-white-60: #fff9;--color-opacity-white-50: #ffffff80;--color-opacity-white-40: #fff6;--color-opacity-white-30: #ffffff4d;--color-opacity-white-20: #fff3;--color-opacity-white-10: #ffffff1a}.quote{position:relative;margin:0;overflow:hidden}.quote__background{position:absolute;top:-0.3125rem;right:-0.1875rem}@media(min-width: 768px){.quote__background{top:-1.375rem;right:-3.9375rem}}.quote__background::before{content:\"\";position:absolute;top:0;right:0;width:114px;height:61px;background-image:url(\"https:\/\/ltzcymhf.dev1.chop-chop.org\/app\/themes\/mistra\/images\/quotes-decor-mobile.svg\");background-size:cover;background-repeat:no-repeat}@media(min-width: 720px){.quote__background::before{right:calc((50vw - 360px)*-1)}}@media(min-width: 768px){.quote__background::before{right:0}}@media(min-width: 1400px){.quote__background::before{background-image:url(\"https:\/\/ltzcymhf.dev1.chop-chop.org\/app\/themes\/mistra\/images\/quotes-decor.svg\");width:150px;height:104px}}.quote__cite{font-style:normal}.quote__author{margin-bottom:0;color:#000;font-family:\"Roboto\",sans-serif;font-size:0.875rem;font-weight:700;line-height:1.4500000477;letter-spacing:0rem}.quote__author-title{color:#000;font-family:\"Roboto\",sans-serif;font-size:0.875rem;font-weight:300;line-height:1.4500000477;letter-spacing:0rem}.quote--background{padding:4rem 1rem 1.5rem;background-color:#d8ed96}@media(max-width: 575px){.quote--background{margin-right:-0.9375rem;margin-left:-0.9375rem}}@media(min-width: 992px){.quote--background{padding:3rem 1rem 1.5rem;border-radius:.75rem}}.quote--background .quote__text{margin-bottom:1rem;color:#154734;font-family:\"Roboto\",sans-serif;font-size:1rem;font-weight:500;line-height:1.4500000477;letter-spacing:0rem}@media(min-width: 768px){.quote--background .quote__text{max-width:76%;margin-bottom:1rem}}.quote--orange,.quote--green{padding-left:1.5rem;border-left:0.3125rem solid #c4d600}.quote--orange .quote__text,.quote--green .quote__text{font-style:italic;color:#154734;font-family:\"Merriweather\",serif;font-size:1rem;font-weight:400;line-height:1.5499999523;letter-spacing:0rem}@media(min-width: 992px){.quote--orange .quote__text,.quote--green .quote__text{font-style:normal;font-family:\"Merriweather\",serif;font-size:1.125rem;font-weight:400;line-height:1.45;letter-spacing:0rem}}.quote--orange{border-color:#ffb81c}.quote--orange .quote__text{color:#333}<\/style>\t\t\t<div class=\"quote__background\">\n\t\t\t<span class=\"icon icon-quote\"><\/span>\n\t\t<\/div>\n\t\t<p class=\"quote__text\">Office ipsum you must be muted. Churning with underlying proceduralize sky space regroup productive eat talk. \u2028Unit algorithm web prioritize ground your assassin quick-win hammer.<\/p>\n\t\t\t<cite class=\"quote__cite\">\n\t\t\t<p class=\"quote__author\">Anne Lenartsson<\/p>\n\t\t\t\t\t\t\t<p class=\"quote__author-title\">Kommunikat\u00f6r<\/p>\n\t\t\t\t\t<\/cite>\n\t<\/blockquote>\n\t\t<\/div>\n\t<\/section>\n\n\n\t<section class=\"block-acf block-quote\"  data-id=\"block_8e1702f5072b4f7a0baace57cefd24a9\">\n\t\t\t<div class=\"container\">\n\t\t\t<blockquote class=\"quote quote--green\">\n\t\t\t<p class=\"quote__text\">\u201cMistra Food Futures vision \u00e4r att skapa en vetenskapligt baserad plattform som bidrar till att det svenska livsmedelssystemet kan transformeras till ett system som \u00e4r ekonomiskt-, socialt- och milj\u00f6m\u00e4ssigt h\u00e5llbart, och resilient och som kan leverera h\u00e4lsosam mat.\u201d<\/p>\n\t<\/blockquote>\n\t\t<\/div>\n\t<\/section>\n\n\n\t<section class=\"block-acf block-quote\"  data-id=\"block_c7b7057504046bab02f33dfdde954546\">\n\t\t\t<div class=\"container\">\n\t\t\t<blockquote class=\"quote quote--orange\">\n\t\t\t<p class=\"quote__text\">\u201cMistra Food Futures vision \u00e4r att skapa en vetenskapligt baserad plattform som bidrar till att det svenska livsmedelssystemet kan transformeras till ett system som \u00e4r ekonomiskt-, socialt- och milj\u00f6m\u00e4ssigt h\u00e5llbart, och resilient och som kan leverera h\u00e4lsosam mat.\u201d<\/p>\n\t<\/blockquote>\n\t\t<\/div>\n\t<\/section>\n\n\n\n<h2 class=\"wp-block-heading has-text-align-left has-black-color\">Separators<\/h2>\n\n\n\n<hr class=\"wp-block-separator has-alpha-channel-opacity\" data-id=\"826bc95f-7424-47fb-b8cc-e8bf5ba675ed\"\/>\n\n\n\n<hr class=\"wp-block-separator aligncenter has-alpha-channel-opacity\"\/>\n\n\n\n<hr class=\"wp-block-separator alignwide has-alpha-channel-opacity\"\/>\n\n\n\n<hr class=\"wp-block-separator alignfull has-alpha-channel-opacity\"\/>\n\n\n\n<hr class=\"wp-block-separator has-alpha-channel-opacity has-luminous-dusk-gradient-background has-background is-style-default\"\/>\n\n\n\n<hr class=\"wp-block-separator has-link-hover-color has-alpha-channel-opacity has-link-hover-background-color has-background is-style-default\"\/>\n\n\n\n<hr class=\"wp-block-separator alignfull has-alpha-channel-opacity\" data-id=\"ff54068d-6c69-4264-9326-b8df80994d7d\"\/>\n\n\n\n<h2 class=\"wp-block-heading has-text-align-left has-black-color\">Code<\/h2>\n\n\n\n<pre class=\"wp-block-code\" data-id=\"e4b4b3a1-9e35-49e9-bd8d-e5bb1be08ad4\"><code>&lt;?php\n\/**\n * Block with section for inner blocks\n *\n * @package WordPress\n * @subpackage mistra\n * @since mistra 1.0\n *\/\n\n$block_object = new Block( $block );\n?&gt;\n&lt;section class=\"block-acf section section-wrapper\" &lt;?php $block_object-&gt;the_block_attributes(); ?&gt;&gt;\n\t&lt;?php $block_object-&gt;pick_block_padding_margin(); ?&gt;\n\t&lt;InnerBlocks \/&gt;\n&lt;\/section&gt;<\/code><\/pre>\n","protected":false},"excerpt":{"rendered":"<p>Quotes Lorem ipsum dolor sit amet, consectetur adipiscing elit. Nulla tristique dictum dui maximus semper. Fusce vulputate leo vel leo efficitur, vel finibus lacus venenatis. Pellentesque nec semper velit. Fusce consectetur erat pharetra lectus tincidunt lobortis. Mauris bibendum elit eget elit blandit, eu dignissim magna tempus. Suspendisse vel eleifend dui. Author Firstname Lastname Lorem ipsum [&hellip;]<\/p>\n","protected":false},"author":1,"featured_media":0,"parent":16,"menu_order":0,"comment_status":"closed","ping_status":"closed","template":"","meta":{"_acf_changed":false,"footnotes":""},"acf":[],"yoast_head":"<!-- This site is optimized with the Yoast SEO plugin v22.9 - https:\/\/yoast.com\/wordpress\/plugins\/seo\/ -->\n<title>Quotes, Separator, Code - Mistra Food Futures<\/title>\n<meta name=\"robots\" content=\"noindex, follow, max-snippet:-1, max-image-preview:large, max-video-preview:-1\" \/>\n<meta property=\"og:locale\" content=\"en_US\" \/>\n<meta property=\"og:type\" content=\"article\" \/>\n<meta property=\"og:title\" content=\"Quotes, Separator, Code - Mistra Food Futures\" \/>\n<meta property=\"og:description\" content=\"Quotes Lorem ipsum dolor sit amet, consectetur adipiscing elit. Nulla tristique dictum dui maximus semper. Fusce vulputate leo vel leo efficitur, vel finibus lacus venenatis. Pellentesque nec semper velit. Fusce consectetur erat pharetra lectus tincidunt lobortis. Mauris bibendum elit eget elit blandit, eu dignissim magna tempus. Suspendisse vel eleifend dui. Author Firstname Lastname Lorem ipsum [&hellip;]\" \/>\n<meta property=\"og:url\" content=\"https:\/\/ltzcymhf.dev1.chop-chop.org\/en\/stylesheet-core\/quotes-separator-code\/\" \/>\n<meta property=\"og:site_name\" content=\"Mistra Food Futures\" \/>\n<meta property=\"article:modified_time\" content=\"2024-06-25T09:27:03+00:00\" \/>\n<meta name=\"twitter:card\" content=\"summary_large_image\" \/>\n<meta name=\"twitter:label1\" content=\"Est. reading time\" \/>\n\t<meta name=\"twitter:data1\" content=\"1 minute\" \/>\n<script type=\"application\/ld+json\" class=\"yoast-schema-graph\">{\"@context\":\"https:\/\/schema.org\",\"@graph\":[{\"@type\":\"WebPage\",\"@id\":\"https:\/\/ltzcymhf.dev1.chop-chop.org\/en\/stylesheet-core\/quotes-separator-code\/\",\"url\":\"https:\/\/ltzcymhf.dev1.chop-chop.org\/en\/stylesheet-core\/quotes-separator-code\/\",\"name\":\"Quotes, Separator, Code - Mistra Food Futures\",\"isPartOf\":{\"@id\":\"https:\/\/ltzcymhf.dev1.chop-chop.org\/#website\"},\"datePublished\":\"2023-10-30T12:51:57+00:00\",\"dateModified\":\"2024-06-25T09:27:03+00:00\",\"breadcrumb\":{\"@id\":\"https:\/\/ltzcymhf.dev1.chop-chop.org\/en\/stylesheet-core\/quotes-separator-code\/#breadcrumb\"},\"inLanguage\":\"en-US\",\"potentialAction\":[{\"@type\":\"ReadAction\",\"target\":[\"https:\/\/ltzcymhf.dev1.chop-chop.org\/en\/stylesheet-core\/quotes-separator-code\/\"]}]},{\"@type\":\"BreadcrumbList\",\"@id\":\"https:\/\/ltzcymhf.dev1.chop-chop.org\/en\/stylesheet-core\/quotes-separator-code\/#breadcrumb\",\"itemListElement\":[{\"@type\":\"ListItem\",\"position\":1,\"name\":\"\",\"item\":\"https:\/\/ltzcymhf.dev1.chop-chop.org\/en\/\"},{\"@type\":\"ListItem\",\"position\":2,\"name\":\"Stylesheet Core\",\"item\":\"https:\/\/ltzcymhf.dev1.chop-chop.org\/en\/stylesheet-core\/\"},{\"@type\":\"ListItem\",\"position\":3,\"name\":\"Quotes, Separator, Code\"}]},{\"@type\":\"WebSite\",\"@id\":\"https:\/\/ltzcymhf.dev1.chop-chop.org\/#website\",\"url\":\"https:\/\/ltzcymhf.dev1.chop-chop.org\/\",\"name\":\"Mistra Food Futures\",\"description\":\"\",\"potentialAction\":[{\"@type\":\"SearchAction\",\"target\":{\"@type\":\"EntryPoint\",\"urlTemplate\":\"https:\/\/ltzcymhf.dev1.chop-chop.org\/?s={search_term_string}\"},\"query-input\":\"required name=search_term_string\"}],\"inLanguage\":\"en-US\"}]}<\/script>\n<!-- \/ Yoast SEO plugin. -->","yoast_head_json":{"title":"Quotes, Separator, Code - Mistra Food Futures","robots":{"index":"noindex","follow":"follow","max-snippet":"max-snippet:-1","max-image-preview":"max-image-preview:large","max-video-preview":"max-video-preview:-1"},"og_locale":"en_US","og_type":"article","og_title":"Quotes, Separator, Code - Mistra Food Futures","og_description":"Quotes Lorem ipsum dolor sit amet, consectetur adipiscing elit. Nulla tristique dictum dui maximus semper. Fusce vulputate leo vel leo efficitur, vel finibus lacus venenatis. Pellentesque nec semper velit. Fusce consectetur erat pharetra lectus tincidunt lobortis. Mauris bibendum elit eget elit blandit, eu dignissim magna tempus. Suspendisse vel eleifend dui. Author Firstname Lastname Lorem ipsum [&hellip;]","og_url":"https:\/\/ltzcymhf.dev1.chop-chop.org\/en\/stylesheet-core\/quotes-separator-code\/","og_site_name":"Mistra Food Futures","article_modified_time":"2024-06-25T09:27:03+00:00","twitter_card":"summary_large_image","twitter_misc":{"Est. reading time":"1 minute"},"schema":{"@context":"https:\/\/schema.org","@graph":[{"@type":"WebPage","@id":"https:\/\/ltzcymhf.dev1.chop-chop.org\/en\/stylesheet-core\/quotes-separator-code\/","url":"https:\/\/ltzcymhf.dev1.chop-chop.org\/en\/stylesheet-core\/quotes-separator-code\/","name":"Quotes, Separator, Code - Mistra Food Futures","isPartOf":{"@id":"https:\/\/ltzcymhf.dev1.chop-chop.org\/#website"},"datePublished":"2023-10-30T12:51:57+00:00","dateModified":"2024-06-25T09:27:03+00:00","breadcrumb":{"@id":"https:\/\/ltzcymhf.dev1.chop-chop.org\/en\/stylesheet-core\/quotes-separator-code\/#breadcrumb"},"inLanguage":"en-US","potentialAction":[{"@type":"ReadAction","target":["https:\/\/ltzcymhf.dev1.chop-chop.org\/en\/stylesheet-core\/quotes-separator-code\/"]}]},{"@type":"BreadcrumbList","@id":"https:\/\/ltzcymhf.dev1.chop-chop.org\/en\/stylesheet-core\/quotes-separator-code\/#breadcrumb","itemListElement":[{"@type":"ListItem","position":1,"name":"","item":"https:\/\/ltzcymhf.dev1.chop-chop.org\/en\/"},{"@type":"ListItem","position":2,"name":"Stylesheet Core","item":"https:\/\/ltzcymhf.dev1.chop-chop.org\/en\/stylesheet-core\/"},{"@type":"ListItem","position":3,"name":"Quotes, Separator, Code"}]},{"@type":"WebSite","@id":"https:\/\/ltzcymhf.dev1.chop-chop.org\/#website","url":"https:\/\/ltzcymhf.dev1.chop-chop.org\/","name":"Mistra Food Futures","description":"","potentialAction":[{"@type":"SearchAction","target":{"@type":"EntryPoint","urlTemplate":"https:\/\/ltzcymhf.dev1.chop-chop.org\/?s={search_term_string}"},"query-input":"required name=search_term_string"}],"inLanguage":"en-US"}]}},"_links":{"self":[{"href":"https:\/\/ltzcymhf.dev1.chop-chop.org\/en\/wp-json\/wp\/v2\/pages\/431"}],"collection":[{"href":"https:\/\/ltzcymhf.dev1.chop-chop.org\/en\/wp-json\/wp\/v2\/pages"}],"about":[{"href":"https:\/\/ltzcymhf.dev1.chop-chop.org\/en\/wp-json\/wp\/v2\/types\/page"}],"author":[{"embeddable":true,"href":"https:\/\/ltzcymhf.dev1.chop-chop.org\/en\/wp-json\/wp\/v2\/users\/1"}],"replies":[{"embeddable":true,"href":"https:\/\/ltzcymhf.dev1.chop-chop.org\/en\/wp-json\/wp\/v2\/comments?post=431"}],"version-history":[{"count":7,"href":"https:\/\/ltzcymhf.dev1.chop-chop.org\/en\/wp-json\/wp\/v2\/pages\/431\/revisions"}],"predecessor-version":[{"id":1108,"href":"https:\/\/ltzcymhf.dev1.chop-chop.org\/en\/wp-json\/wp\/v2\/pages\/431\/revisions\/1108"}],"up":[{"embeddable":true,"href":"https:\/\/ltzcymhf.dev1.chop-chop.org\/en\/wp-json\/wp\/v2\/pages\/16"}],"wp:attachment":[{"href":"https:\/\/ltzcymhf.dev1.chop-chop.org\/en\/wp-json\/wp\/v2\/media?parent=431"}],"curies":[{"name":"wp","href":"https:\/\/api.w.org\/{rel}","templated":true}]}}